{"id":36,"date":"2023-03-06T10:37:22","date_gmt":"2023-03-06T10:37:22","guid":{"rendered":"https:\/\/villamonreve.fr\/?page_id=36"},"modified":"2023-03-08T16:47:08","modified_gmt":"2023-03-08T15:47:08","slug":"location","status":"publish","type":"page","link":"https:\/\/villamonreve.fr\/?page_id=36","title":{"rendered":"Location"},"content":{"rendered":"\n<figure class=\"wp-block-table\"><table><tbody><tr><td>Espace co-working<\/td><td>x\u20ac<\/td><\/tr><tr><td>Bureau priv\u00e9<\/td><td>x\u20ac<\/td><\/tr><\/tbody><\/table><\/figure>\n\n\n\n<p>Toutes nos offres b\u00e9n\u00e9ficient d&rsquo;un acc\u00e8s internet c\u00e2bl\u00e9 ou Wi-Fi via fibre optique. Les espaces sont \u00e9galement chauff\u00e9s et climatis\u00e9s \u00e0 votre convenance gr\u00e2ce \u00e0 la climatisation r\u00e9versible. L&rsquo;acc\u00e8s \u00e0 un scanner\/photocopieur.<\/p>\n\n\n\n<p>Les salons du jardin vous seront \u00e9galement accessibles afin de pouvoir travailler sous le soleil Ni\u00e7ois \u00e0 votre guise.<\/p>\n\n\n\n<p>Cot\u00e9 restauration vous trouverez une kitchenette, une cuisine et un barbecue disponibles \u00e0 toute heure de la journ\u00e9e ainsi que de nombreux commerces et restaurants \u00e0 proximit\u00e9.<\/p>\n","protected":false},"excerpt":{"rendered":"<p>Espace co-working x\u20ac Bureau priv\u00e9 x\u20ac Toutes nos offres b\u00e9n\u00e9ficient d&rsquo;un acc\u00e8s internet c\u00e2bl\u00e9 ou Wi-Fi via fibre optique. Les espaces sont \u00e9galement chauff\u00e9s et climatis\u00e9s \u00e0 votre convenance gr\u00e2ce \u00e0 la climatisation r\u00e9versible. L&rsquo;acc\u00e8s \u00e0 un scanner\/photocopieur. Les salons du jardin vous seront \u00e9galement accessibles afin de pouvoir travailler sous le soleil Ni\u00e7ois \u00e0 [&hellip;]<\/p>\n","protected":false},"author":2,"featured_media":0,"parent":0,"menu_order":0,"comment_status":"closed","ping_status":"closed","template":"","meta":{"footnotes":""},"class_list":["post-36","page","type-page","status-publish","hentry"],"yoast_head":"<!-- This site is optimized with the Yoast SEO plugin v25.6 - https:\/\/yoast.com\/wordpress\/plugins\/seo\/ -->\n<title>Location - Villa Mon R\u00eave, un lieu pour travailler, \u00e9changer et s\u00e9journer \u00e0 Nice<\/title>\n<meta name=\"robots\" content=\"index, follow, max-snippet:-1, max-image-preview:large, max-video-preview:-1\" \/>\n<link rel=\"canonical\" href=\"https:\/\/villamonreve.fr\/?page_id=36\" \/>\n<meta property=\"og:locale\" content=\"fr_FR\" \/>\n<meta property=\"og:type\" content=\"article\" \/>\n<meta property=\"og:title\" content=\"Location - Villa Mon R\u00eave, un lieu pour travailler, \u00e9changer et s\u00e9journer \u00e0 Nice\" \/>\n<meta property=\"og:description\" content=\"Espace co-working x\u20ac Bureau priv\u00e9 x\u20ac Toutes nos offres b\u00e9n\u00e9ficient d&rsquo;un acc\u00e8s internet c\u00e2bl\u00e9 ou Wi-Fi via fibre optique. Les espaces sont \u00e9galement chauff\u00e9s et climatis\u00e9s \u00e0 votre convenance gr\u00e2ce \u00e0 la climatisation r\u00e9versible. L&rsquo;acc\u00e8s \u00e0 un scanner\/photocopieur. Les salons du jardin vous seront \u00e9galement accessibles afin de pouvoir travailler sous le soleil Ni\u00e7ois \u00e0 [&hellip;]\" \/>\n<meta property=\"og:url\" content=\"https:\/\/villamonreve.fr\/?page_id=36\" \/>\n<meta property=\"og:site_name\" content=\"Villa Mon R\u00eave, un lieu pour travailler, \u00e9changer et s\u00e9journer \u00e0 Nice\" \/>\n<meta property=\"article:modified_time\" content=\"2023-03-08T15:47:08+00:00\" \/>\n<meta name=\"twitter:card\" content=\"summary_large_image\" \/>\n<meta name=\"twitter:label1\" content=\"Dur\u00e9e de lecture estim\u00e9e\" \/>\n\t<meta name=\"twitter:data1\" content=\"1 minute\" \/>\n<script type=\"application\/ld+json\" class=\"yoast-schema-graph\">{\"@context\":\"https:\/\/schema.org\",\"@graph\":[{\"@type\":\"WebPage\",\"@id\":\"https:\/\/villamonreve.fr\/?page_id=36\",\"url\":\"https:\/\/villamonreve.fr\/?page_id=36\",\"name\":\"Location - Villa Mon R\u00eave, un lieu pour travailler, \u00e9changer et s\u00e9journer \u00e0 Nice\",\"isPartOf\":{\"@id\":\"https:\/\/villamonreve.fr\/#website\"},\"datePublished\":\"2023-03-06T10:37:22+00:00\",\"dateModified\":\"2023-03-08T15:47:08+00:00\",\"breadcrumb\":{\"@id\":\"https:\/\/villamonreve.fr\/?page_id=36#breadcrumb\"},\"inLanguage\":\"fr-FR\",\"potentialAction\":[{\"@type\":\"ReadAction\",\"target\":[\"https:\/\/villamonreve.fr\/?page_id=36\"]}]},{\"@type\":\"BreadcrumbList\",\"@id\":\"https:\/\/villamonreve.fr\/?page_id=36#breadcrumb\",\"itemListElement\":[{\"@type\":\"ListItem\",\"position\":1,\"name\":\"Accueil\",\"item\":\"https:\/\/villamonreve.fr\/\"},{\"@type\":\"ListItem\",\"position\":2,\"name\":\"Location\"}]},{\"@type\":\"WebSite\",\"@id\":\"https:\/\/villamonreve.fr\/#website\",\"url\":\"https:\/\/villamonreve.fr\/\",\"name\":\"Villa Mon R\u00eave, un lieu pour travailler, \u00e9changer et s\u00e9journer \u00e0 Nice\",\"description\":\"Des bureaux priv\u00e9s, du coworking chaleureux et des s\u00e9jours confortables dans une villa \u00e9l\u00e9gante \u00e0 deux pas de l\u2019a\u00e9roport.\",\"potentialAction\":[{\"@type\":\"SearchAction\",\"target\":{\"@type\":\"EntryPoint\",\"urlTemplate\":\"https:\/\/villamonreve.fr\/?s={search_term_string}\"},\"query-input\":{\"@type\":\"PropertyValueSpecification\",\"valueRequired\":true,\"valueName\":\"search_term_string\"}}],\"inLanguage\":\"fr-FR\"}]}<\/script>\n<!-- \/ Yoast SEO plugin. -->","yoast_head_json":{"title":"Location - Villa Mon R\u00eave, un lieu pour travailler, \u00e9changer et s\u00e9journer \u00e0 Nice","robots":{"index":"index","follow":"follow","max-snippet":"max-snippet:-1","max-image-preview":"max-image-preview:large","max-video-preview":"max-video-preview:-1"},"canonical":"https:\/\/villamonreve.fr\/?page_id=36","og_locale":"fr_FR","og_type":"article","og_title":"Location - Villa Mon R\u00eave, un lieu pour travailler, \u00e9changer et s\u00e9journer \u00e0 Nice","og_description":"Espace co-working x\u20ac Bureau priv\u00e9 x\u20ac Toutes nos offres b\u00e9n\u00e9ficient d&rsquo;un acc\u00e8s internet c\u00e2bl\u00e9 ou Wi-Fi via fibre optique. Les espaces sont \u00e9galement chauff\u00e9s et climatis\u00e9s \u00e0 votre convenance gr\u00e2ce \u00e0 la climatisation r\u00e9versible. L&rsquo;acc\u00e8s \u00e0 un scanner\/photocopieur. Les salons du jardin vous seront \u00e9galement accessibles afin de pouvoir travailler sous le soleil Ni\u00e7ois \u00e0 [&hellip;]","og_url":"https:\/\/villamonreve.fr\/?page_id=36","og_site_name":"Villa Mon R\u00eave, un lieu pour travailler, \u00e9changer et s\u00e9journer \u00e0 Nice","article_modified_time":"2023-03-08T15:47:08+00:00","twitter_card":"summary_large_image","twitter_misc":{"Dur\u00e9e de lecture estim\u00e9e":"1 minute"},"schema":{"@context":"https:\/\/schema.org","@graph":[{"@type":"WebPage","@id":"https:\/\/villamonreve.fr\/?page_id=36","url":"https:\/\/villamonreve.fr\/?page_id=36","name":"Location - Villa Mon R\u00eave, un lieu pour travailler, \u00e9changer et s\u00e9journer \u00e0 Nice","isPartOf":{"@id":"https:\/\/villamonreve.fr\/#website"},"datePublished":"2023-03-06T10:37:22+00:00","dateModified":"2023-03-08T15:47:08+00:00","breadcrumb":{"@id":"https:\/\/villamonreve.fr\/?page_id=36#breadcrumb"},"inLanguage":"fr-FR","potentialAction":[{"@type":"ReadAction","target":["https:\/\/villamonreve.fr\/?page_id=36"]}]},{"@type":"BreadcrumbList","@id":"https:\/\/villamonreve.fr\/?page_id=36#breadcrumb","itemListElement":[{"@type":"ListItem","position":1,"name":"Accueil","item":"https:\/\/villamonreve.fr\/"},{"@type":"ListItem","position":2,"name":"Location"}]},{"@type":"WebSite","@id":"https:\/\/villamonreve.fr\/#website","url":"https:\/\/villamonreve.fr\/","name":"Villa Mon R\u00eave, un lieu pour travailler, \u00e9changer et s\u00e9journer \u00e0 Nice","description":"Des bureaux priv\u00e9s, du coworking chaleureux et des s\u00e9jours confortables dans une villa \u00e9l\u00e9gante \u00e0 deux pas de l\u2019a\u00e9roport.","potentialAction":[{"@type":"SearchAction","target":{"@type":"EntryPoint","urlTemplate":"https:\/\/villamonreve.fr\/?s={search_term_string}"},"query-input":{"@type":"PropertyValueSpecification","valueRequired":true,"valueName":"search_term_string"}}],"inLanguage":"fr-FR"}]}},"_links":{"self":[{"href":"https:\/\/villamonreve.fr\/index.php?rest_route=\/wp\/v2\/pages\/36","targetHints":{"allow":["GET"]}}],"collection":[{"href":"https:\/\/villamonreve.fr\/index.php?rest_route=\/wp\/v2\/pages"}],"about":[{"href":"https:\/\/villamonreve.fr\/index.php?rest_route=\/wp\/v2\/types\/page"}],"author":[{"embeddable":true,"href":"https:\/\/villamonreve.fr\/index.php?rest_route=\/wp\/v2\/users\/2"}],"replies":[{"embeddable":true,"href":"https:\/\/villamonreve.fr\/index.php?rest_route=%2Fwp%2Fv2%2Fcomments&post=36"}],"version-history":[{"count":2,"href":"https:\/\/villamonreve.fr\/index.php?rest_route=\/wp\/v2\/pages\/36\/revisions"}],"predecessor-version":[{"id":75,"href":"https:\/\/villamonreve.fr\/index.php?rest_route=\/wp\/v2\/pages\/36\/revisions\/75"}],"wp:attachment":[{"href":"https:\/\/villamonreve.fr\/index.php?rest_route=%2Fwp%2Fv2%2Fmedia&parent=36"}],"curies":[{"name":"wp","href":"https:\/\/api.w.org\/{rel}","templated":true}]}}