{"id":8,"date":"2023-03-03T12:51:22","date_gmt":"2023-03-03T12:51:22","guid":{"rendered":"https:\/\/villamonreve.fr\/?page_id=8"},"modified":"2023-03-08T16:29:41","modified_gmt":"2023-03-08T15:29:41","slug":"a-propos-de","status":"publish","type":"page","link":"https:\/\/villamonreve.fr\/?page_id=8","title":{"rendered":"La Villa"},"content":{"rendered":"\n<h2 class=\"has-text-align-center has-accent-color has-text-color wp-block-heading\">Venez travailler sous le charme de cette villa d&rsquo;\u00e9poque<\/h2>\n\n\n\n<p>*Contexte historique + *photo d&rsquo;\u00e9poque*<\/p>\n\n\n\n<figure class=\"wp-block-image size-large\"><img loading=\"lazy\" decoding=\"async\" width=\"1024\" height=\"656\" src=\"https:\/\/villamonreve.fr\/wp-content\/uploads\/2023\/03\/2020-landscape-1-1024x656.png\" alt=\"\" class=\"wp-image-6\" srcset=\"https:\/\/villamonreve.fr\/wp-content\/uploads\/2023\/03\/2020-landscape-1-1024x656.png 1024w, https:\/\/villamonreve.fr\/wp-content\/uploads\/2023\/03\/2020-landscape-1-300x192.png 300w, https:\/\/villamonreve.fr\/wp-content\/uploads\/2023\/03\/2020-landscape-1-768x492.png 768w, https:\/\/villamonreve.fr\/wp-content\/uploads\/2023\/03\/2020-landscape-1.png 1200w\" sizes=\"auto, (max-width: 1024px) 100vw, 1024px\" \/><\/figure>\n\n\n\n<p>Situ\u00e9e \u00e0 moins de 5mins \u00e0 pied de l&rsquo;arr\u00eat Ferber et de la mer, profitez de ces avantages pour d\u00e9compresser et prendre l&rsquo;air en tant voulu, ou pour sortir d\u00e9jeuner entre coll\u00e8gues.<\/p>\n\n\n\n<p>Vous pourrez \u00e9galement travailler en profitant du soleil Ni\u00e7ois seul ou avec vos collaborateurs gr\u00e2ce \u00e0 ses salons de jardins dispos\u00e9s tout autour.<\/p>\n","protected":false},"excerpt":{"rendered":"<p>Venez travailler sous le charme de cette villa d&rsquo;\u00e9poque *Contexte historique + *photo d&rsquo;\u00e9poque* Situ\u00e9e \u00e0 moins de 5mins \u00e0 pied de l&rsquo;arr\u00eat Ferber et de la mer, profitez de ces avantages pour d\u00e9compresser et prendre l&rsquo;air en tant voulu, ou pour sortir d\u00e9jeuner entre coll\u00e8gues. Vous pourrez \u00e9galement travailler en profitant du soleil Ni\u00e7ois [&hellip;]<\/p>\n","protected":false},"author":2,"featured_media":0,"parent":0,"menu_order":0,"comment_status":"closed","ping_status":"closed","template":"","meta":{"footnotes":""},"class_list":["post-8","page","type-page","status-publish","hentry"],"yoast_head":"<!-- This site is optimized with the Yoast SEO plugin v25.6 - https:\/\/yoast.com\/wordpress\/plugins\/seo\/ -->\n<title>La Villa - Villa Mon R\u00eave, un lieu pour travailler, \u00e9changer et s\u00e9journer \u00e0 Nice<\/title>\n<meta name=\"robots\" content=\"index, follow, max-snippet:-1, max-image-preview:large, max-video-preview:-1\" \/>\n<link rel=\"canonical\" href=\"https:\/\/villamonreve.fr\/?page_id=8\" \/>\n<meta property=\"og:locale\" content=\"fr_FR\" \/>\n<meta property=\"og:type\" content=\"article\" \/>\n<meta property=\"og:title\" content=\"La Villa - Villa Mon R\u00eave, un lieu pour travailler, \u00e9changer et s\u00e9journer \u00e0 Nice\" \/>\n<meta property=\"og:description\" content=\"Venez travailler sous le charme de cette villa d&rsquo;\u00e9poque *Contexte historique + *photo d&rsquo;\u00e9poque* Situ\u00e9e \u00e0 moins de 5mins \u00e0 pied de l&rsquo;arr\u00eat Ferber et de la mer, profitez de ces avantages pour d\u00e9compresser et prendre l&rsquo;air en tant voulu, ou pour sortir d\u00e9jeuner entre coll\u00e8gues. Vous pourrez \u00e9galement travailler en profitant du soleil Ni\u00e7ois [&hellip;]\" \/>\n<meta property=\"og:url\" content=\"https:\/\/villamonreve.fr\/?page_id=8\" \/>\n<meta property=\"og:site_name\" content=\"Villa Mon R\u00eave, un lieu pour travailler, \u00e9changer et s\u00e9journer \u00e0 Nice\" \/>\n<meta property=\"article:modified_time\" content=\"2023-03-08T15:29:41+00:00\" \/>\n<meta property=\"og:image\" content=\"https:\/\/villamonreve.fr\/wp-content\/uploads\/2023\/03\/2020-landscape-1-1024x656.png\" \/>\n<meta name=\"twitter:card\" content=\"summary_large_image\" \/>\n<meta name=\"twitter:label1\" content=\"Dur\u00e9e de lecture estim\u00e9e\" \/>\n\t<meta name=\"twitter:data1\" content=\"1 minute\" \/>\n<script type=\"application\/ld+json\" class=\"yoast-schema-graph\">{\"@context\":\"https:\/\/schema.org\",\"@graph\":[{\"@type\":\"WebPage\",\"@id\":\"https:\/\/villamonreve.fr\/?page_id=8\",\"url\":\"https:\/\/villamonreve.fr\/?page_id=8\",\"name\":\"La Villa - Villa Mon R\u00eave, un lieu pour travailler, \u00e9changer et s\u00e9journer \u00e0 Nice\",\"isPartOf\":{\"@id\":\"https:\/\/villamonreve.fr\/#website\"},\"primaryImageOfPage\":{\"@id\":\"https:\/\/villamonreve.fr\/?page_id=8#primaryimage\"},\"image\":{\"@id\":\"https:\/\/villamonreve.fr\/?page_id=8#primaryimage\"},\"thumbnailUrl\":\"https:\/\/villamonreve.fr\/wp-content\/uploads\/2023\/03\/2020-landscape-1-1024x656.png\",\"datePublished\":\"2023-03-03T12:51:22+00:00\",\"dateModified\":\"2023-03-08T15:29:41+00:00\",\"breadcrumb\":{\"@id\":\"https:\/\/villamonreve.fr\/?page_id=8#breadcrumb\"},\"inLanguage\":\"fr-FR\",\"potentialAction\":[{\"@type\":\"ReadAction\",\"target\":[\"https:\/\/villamonreve.fr\/?page_id=8\"]}]},{\"@type\":\"ImageObject\",\"inLanguage\":\"fr-FR\",\"@id\":\"https:\/\/villamonreve.fr\/?page_id=8#primaryimage\",\"url\":\"https:\/\/villamonreve.fr\/wp-content\/uploads\/2023\/03\/2020-landscape-1.png\",\"contentUrl\":\"https:\/\/villamonreve.fr\/wp-content\/uploads\/2023\/03\/2020-landscape-1.png\",\"width\":1200,\"height\":769},{\"@type\":\"BreadcrumbList\",\"@id\":\"https:\/\/villamonreve.fr\/?page_id=8#breadcrumb\",\"itemListElement\":[{\"@type\":\"ListItem\",\"position\":1,\"name\":\"Accueil\",\"item\":\"https:\/\/villamonreve.fr\/\"},{\"@type\":\"ListItem\",\"position\":2,\"name\":\"La Villa\"}]},{\"@type\":\"WebSite\",\"@id\":\"https:\/\/villamonreve.fr\/#website\",\"url\":\"https:\/\/villamonreve.fr\/\",\"name\":\"Villa Mon R\u00eave, un lieu pour travailler, \u00e9changer et s\u00e9journer \u00e0 Nice\",\"description\":\"Des bureaux priv\u00e9s, du coworking chaleureux et des s\u00e9jours confortables dans une villa \u00e9l\u00e9gante \u00e0 deux pas de l\u2019a\u00e9roport.\",\"potentialAction\":[{\"@type\":\"SearchAction\",\"target\":{\"@type\":\"EntryPoint\",\"urlTemplate\":\"https:\/\/villamonreve.fr\/?s={search_term_string}\"},\"query-input\":{\"@type\":\"PropertyValueSpecification\",\"valueRequired\":true,\"valueName\":\"search_term_string\"}}],\"inLanguage\":\"fr-FR\"}]}<\/script>\n<!-- \/ Yoast SEO plugin. -->","yoast_head_json":{"title":"La Villa - Villa Mon R\u00eave, un lieu pour travailler, \u00e9changer et s\u00e9journer \u00e0 Nice","robots":{"index":"index","follow":"follow","max-snippet":"max-snippet:-1","max-image-preview":"max-image-preview:large","max-video-preview":"max-video-preview:-1"},"canonical":"https:\/\/villamonreve.fr\/?page_id=8","og_locale":"fr_FR","og_type":"article","og_title":"La Villa - Villa Mon R\u00eave, un lieu pour travailler, \u00e9changer et s\u00e9journer \u00e0 Nice","og_description":"Venez travailler sous le charme de cette villa d&rsquo;\u00e9poque *Contexte historique + *photo d&rsquo;\u00e9poque* Situ\u00e9e \u00e0 moins de 5mins \u00e0 pied de l&rsquo;arr\u00eat Ferber et de la mer, profitez de ces avantages pour d\u00e9compresser et prendre l&rsquo;air en tant voulu, ou pour sortir d\u00e9jeuner entre coll\u00e8gues. Vous pourrez \u00e9galement travailler en profitant du soleil Ni\u00e7ois [&hellip;]","og_url":"https:\/\/villamonreve.fr\/?page_id=8","og_site_name":"Villa Mon R\u00eave, un lieu pour travailler, \u00e9changer et s\u00e9journer \u00e0 Nice","article_modified_time":"2023-03-08T15:29:41+00:00","og_image":[{"url":"https:\/\/villamonreve.fr\/wp-content\/uploads\/2023\/03\/2020-landscape-1-1024x656.png","type":"","width":"","height":""}],"twitter_card":"summary_large_image","twitter_misc":{"Dur\u00e9e de lecture estim\u00e9e":"1 minute"},"schema":{"@context":"https:\/\/schema.org","@graph":[{"@type":"WebPage","@id":"https:\/\/villamonreve.fr\/?page_id=8","url":"https:\/\/villamonreve.fr\/?page_id=8","name":"La Villa - Villa Mon R\u00eave, un lieu pour travailler, \u00e9changer et s\u00e9journer \u00e0 Nice","isPartOf":{"@id":"https:\/\/villamonreve.fr\/#website"},"primaryImageOfPage":{"@id":"https:\/\/villamonreve.fr\/?page_id=8#primaryimage"},"image":{"@id":"https:\/\/villamonreve.fr\/?page_id=8#primaryimage"},"thumbnailUrl":"https:\/\/villamonreve.fr\/wp-content\/uploads\/2023\/03\/2020-landscape-1-1024x656.png","datePublished":"2023-03-03T12:51:22+00:00","dateModified":"2023-03-08T15:29:41+00:00","breadcrumb":{"@id":"https:\/\/villamonreve.fr\/?page_id=8#breadcrumb"},"inLanguage":"fr-FR","potentialAction":[{"@type":"ReadAction","target":["https:\/\/villamonreve.fr\/?page_id=8"]}]},{"@type":"ImageObject","inLanguage":"fr-FR","@id":"https:\/\/villamonreve.fr\/?page_id=8#primaryimage","url":"https:\/\/villamonreve.fr\/wp-content\/uploads\/2023\/03\/2020-landscape-1.png","contentUrl":"https:\/\/villamonreve.fr\/wp-content\/uploads\/2023\/03\/2020-landscape-1.png","width":1200,"height":769},{"@type":"BreadcrumbList","@id":"https:\/\/villamonreve.fr\/?page_id=8#breadcrumb","itemListElement":[{"@type":"ListItem","position":1,"name":"Accueil","item":"https:\/\/villamonreve.fr\/"},{"@type":"ListItem","position":2,"name":"La Villa"}]},{"@type":"WebSite","@id":"https:\/\/villamonreve.fr\/#website","url":"https:\/\/villamonreve.fr\/","name":"Villa Mon R\u00eave, un lieu pour travailler, \u00e9changer et s\u00e9journer \u00e0 Nice","description":"Des bureaux priv\u00e9s, du coworking chaleureux et des s\u00e9jours confortables dans une villa \u00e9l\u00e9gante \u00e0 deux pas de l\u2019a\u00e9roport.","potentialAction":[{"@type":"SearchAction","target":{"@type":"EntryPoint","urlTemplate":"https:\/\/villamonreve.fr\/?s={search_term_string}"},"query-input":{"@type":"PropertyValueSpecification","valueRequired":true,"valueName":"search_term_string"}}],"inLanguage":"fr-FR"}]}},"_links":{"self":[{"href":"https:\/\/villamonreve.fr\/index.php?rest_route=\/wp\/v2\/pages\/8","targetHints":{"allow":["GET"]}}],"collection":[{"href":"https:\/\/villamonreve.fr\/index.php?rest_route=\/wp\/v2\/pages"}],"about":[{"href":"https:\/\/villamonreve.fr\/index.php?rest_route=\/wp\/v2\/types\/page"}],"author":[{"embeddable":true,"href":"https:\/\/villamonreve.fr\/index.php?rest_route=\/wp\/v2\/users\/2"}],"replies":[{"embeddable":true,"href":"https:\/\/villamonreve.fr\/index.php?rest_route=%2Fwp%2Fv2%2Fcomments&post=8"}],"version-history":[{"count":4,"href":"https:\/\/villamonreve.fr\/index.php?rest_route=\/wp\/v2\/pages\/8\/revisions"}],"predecessor-version":[{"id":73,"href":"https:\/\/villamonreve.fr\/index.php?rest_route=\/wp\/v2\/pages\/8\/revisions\/73"}],"wp:attachment":[{"href":"https:\/\/villamonreve.fr\/index.php?rest_route=%2Fwp%2Fv2%2Fmedia&parent=8"}],"curies":[{"name":"wp","href":"https:\/\/api.w.org\/{rel}","templated":true}]}}